{"id":360,"date":"2025-12-08T09:00:50","date_gmt":"2025-12-08T08:00:50","guid":{"rendered":"https:\/\/www.tmsbelgium.be\/?page_id=360"},"modified":"2026-03-04T09:59:47","modified_gmt":"2026-03-04T08:59:47","slug":"nous-contacter","status":"publish","type":"page","link":"https:\/\/www.tmsbelgium.be\/fr\/contacteer-ons\/","title":{"rendered":"Contactez nous"},"content":{"rendered":"\t\t<div data-elementor-type=\"wp-page\" data-elementor-id=\"360\" class=\"elementor elementor-360\" data-elementor-post-type=\"page\">\n\t\t\t\t<div class=\"elementor-element elementor-element-54792c32 e-flex e-con-boxed e-con e-parent\" data-id=\"54792c32\" data-element_type=\"container\" data-e-type=\"container\" data-settings=\"{&quot;background_background&quot;:&quot;classic&quot;}\">\n\t\t\t\t\t<div class=\"e-con-inner\">\n\t\t\t\t<div class=\"elementor-element elementor-element-7f2fdc3 elementor-widget elementor-widget-spacer\" data-id=\"7f2fdc3\" data-element_type=\"widget\" data-e-type=\"widget\" data-widget_type=\"spacer.default\">\n\t\t\t\t\t\t\t<div class=\"elementor-spacer\">\n\t\t\t<div class=\"elementor-spacer-inner\"><\/div>\n\t\t<\/div>\n\t\t\t\t\t\t<\/div>\n\t\t<div class=\"elementor-element elementor-element-dc6381c e-con-full e-flex e-con e-child\" data-id=\"dc6381c\" data-element_type=\"container\" data-e-type=\"container\">\n\t\t<div class=\"elementor-element elementor-element-7a110b4 e-flex e-con-boxed e-con e-child\" data-id=\"7a110b4\" data-element_type=\"container\" data-e-type=\"container\">\n\t\t\t\t\t<div class=\"e-con-inner\">\n\t\t\t\t\t<\/div>\n\t\t\t\t<\/div>\n\t\t\t\t<\/div>\n\t\t\t\t<div class=\"elementor-element elementor-element-a605497 elementor-widget elementor-widget-heading\" data-id=\"a605497\" data-element_type=\"widget\" data-e-type=\"widget\" data-widget_type=\"heading.default\">\n\t\t\t\t\t<h3 class=\"elementor-heading-title elementor-size-default\">Neem rechtstreeks contact op met uw HVAC-partner<br>\nDringende interventie? Bel ons 24\/7<\/h3>\t\t\t\t<\/div>\n\t\t\t\t\t<\/div>\n\t\t\t\t<\/div>\n\t\t<div class=\"elementor-element elementor-element-79394e31 e-flex e-con-boxed e-con e-parent\" data-id=\"79394e31\" data-element_type=\"container\" data-e-type=\"container\" data-settings=\"{&quot;background_background&quot;:&quot;classic&quot;}\">\n\t\t\t\t\t<div class=\"e-con-inner\">\n\t\t<div class=\"elementor-element elementor-element-381896b8 e-con-full e-flex elementor-invisible e-con e-child\" data-id=\"381896b8\" data-element_type=\"container\" data-e-type=\"container\" data-settings=\"{&quot;animation&quot;:&quot;fadeInLeft&quot;}\">\n\t\t\t\t<div class=\"elementor-element elementor-element-981d667 elementor-widget elementor-widget-heading\" data-id=\"981d667\" data-element_type=\"widget\" data-e-type=\"widget\" data-widget_type=\"heading.default\">\n\t\t\t\t\t<h6 class=\"elementor-heading-title elementor-size-default\">Contacteer ons<\/h6>\t\t\t\t<\/div>\n\t\t\t\t<div class=\"elementor-element elementor-element-69593116 elementor-widget elementor-widget-heading\" data-id=\"69593116\" data-element_type=\"widget\" data-e-type=\"widget\" data-widget_type=\"heading.default\">\n\t\t\t\t\t<h2 class=\"elementor-heading-title elementor-size-default\">Neem rechtstreeks contact op\n<\/h2>\t\t\t\t<\/div>\n\t\t\t\t<div class=\"elementor-element elementor-element-110b396e elementor-view-stacked elementor-position-inline-start elementor-mobile-position-inline-start elementor-shape-circle elementor-widget elementor-widget-icon-box\" data-id=\"110b396e\" data-element_type=\"widget\" data-e-type=\"widget\" data-widget_type=\"icon-box.default\">\n\t\t\t\t\t\t\t<div class=\"elementor-icon-box-wrapper\">\n\n\t\t\t\t\t\t<div class=\"elementor-icon-box-icon\">\n\t\t\t\t<a href=\"https:\/\/maps.app.goo.gl\/n5PoYibmyDUMxj2u7\" target=\"_blank\" class=\"elementor-icon\" tabindex=\"-1\" aria-label=\"Adres\">\n\t\t\t\t<i aria-hidden=\"true\" class=\"icons icon-location-pin\"><\/i>\t\t\t\t<\/a>\n\t\t\t<\/div>\n\t\t\t\n\t\t\t\t\t\t<div class=\"elementor-icon-box-content\">\n\n\t\t\t\t\t\t\t\t\t<div class=\"elementor-icon-box-title\">\n\t\t\t\t\t\t<a href=\"https:\/\/maps.app.goo.gl\/n5PoYibmyDUMxj2u7\" target=\"_blank\" >\n\t\t\t\t\t\t\tAdres\t\t\t\t\t\t<\/a>\n\t\t\t\t\t<\/div>\n\t\t\t\t\n\t\t\t\t\t\t\t\t\t<p class=\"elementor-icon-box-description\">\n\t\t\t\t\t\tPreflexbaan 167 <br>\n1740 Ternat - Belgi\u00eb\t\t\t\t\t<\/p>\n\t\t\t\t\n\t\t\t<\/div>\n\t\t\t\n\t\t<\/div>\n\t\t\t\t\t\t<\/div>\n\t\t\t\t<div class=\"elementor-element elementor-element-92204f9 elementor-view-stacked elementor-position-inline-start elementor-mobile-position-inline-start elementor-shape-circle elementor-widget elementor-widget-icon-box\" data-id=\"92204f9\" data-element_type=\"widget\" data-e-type=\"widget\" data-widget_type=\"icon-box.default\">\n\t\t\t\t\t\t\t<div class=\"elementor-icon-box-wrapper\">\n\n\t\t\t\t\t\t<div class=\"elementor-icon-box-icon\">\n\t\t\t\t<a href=\"tel:+3223330170\" class=\"elementor-icon\" tabindex=\"-1\" aria-label=\"Telefoon\">\n\t\t\t\t<i aria-hidden=\"true\" class=\"icons icon-call-out\"><\/i>\t\t\t\t<\/a>\n\t\t\t<\/div>\n\t\t\t\n\t\t\t\t\t\t<div class=\"elementor-icon-box-content\">\n\n\t\t\t\t\t\t\t\t\t<div class=\"elementor-icon-box-title\">\n\t\t\t\t\t\t<a href=\"tel:+3223330170\" >\n\t\t\t\t\t\t\tTelefoon\t\t\t\t\t\t<\/a>\n\t\t\t\t\t<\/div>\n\t\t\t\t\n\t\t\t\t\t\t\t\t\t<p class=\"elementor-icon-box-description\">\n\t\t\t\t\t\t24\/7 Service: +32 (0) 2 333 01 70\t\t\t\t\t<\/p>\n\t\t\t\t\n\t\t\t<\/div>\n\t\t\t\n\t\t<\/div>\n\t\t\t\t\t\t<\/div>\n\t\t\t\t<div class=\"elementor-element elementor-element-3f88b754 elementor-view-stacked elementor-position-inline-start elementor-mobile-position-inline-start elementor-shape-circle elementor-widget elementor-widget-icon-box\" data-id=\"3f88b754\" data-element_type=\"widget\" data-e-type=\"widget\" data-widget_type=\"icon-box.default\">\n\t\t\t\t\t\t\t<div class=\"elementor-icon-box-wrapper\">\n\n\t\t\t\t\t\t<div class=\"elementor-icon-box-icon\">\n\t\t\t\t<a href=\"mailto:info@tmsbelgium.be\" class=\"elementor-icon\" tabindex=\"-1\" aria-label=\"Email\">\n\t\t\t\t<i aria-hidden=\"true\" class=\"icons icon-envelope\"><\/i>\t\t\t\t<\/a>\n\t\t\t<\/div>\n\t\t\t\n\t\t\t\t\t\t<div class=\"elementor-icon-box-content\">\n\n\t\t\t\t\t\t\t\t\t<div class=\"elementor-icon-box-title\">\n\t\t\t\t\t\t<a href=\"mailto:info@tmsbelgium.be\" >\n\t\t\t\t\t\t\tEmail\t\t\t\t\t\t<\/a>\n\t\t\t\t\t<\/div>\n\t\t\t\t\n\t\t\t\t\t\t\t\t\t<p class=\"elementor-icon-box-description\">\n\t\t\t\t\t\tinfo@tmsbelgium.be\t\t\t\t\t<\/p>\n\t\t\t\t\n\t\t\t<\/div>\n\t\t\t\n\t\t<\/div>\n\t\t\t\t\t\t<\/div>\n\t\t\t\t<\/div>\n\t\t<div class=\"elementor-element elementor-element-531b7c04 e-con-full e-flex e-con e-child\" data-id=\"531b7c04\" data-element_type=\"container\" data-e-type=\"container\">\n\t\t<div class=\"elementor-element elementor-element-fa3c292 e-con-full e-flex elementor-invisible e-con e-child\" data-id=\"fa3c292\" data-element_type=\"container\" data-e-type=\"container\" data-settings=\"{&quot;background_background&quot;:&quot;classic&quot;,&quot;animation&quot;:&quot;fadeInRight&quot;,&quot;animation_delay&quot;:200}\">\n\t\t\t\t<div class=\"elementor-element elementor-element-4d7ce75c elementor-widget elementor-widget-heading\" data-id=\"4d7ce75c\" data-element_type=\"widget\" data-e-type=\"widget\" data-widget_type=\"heading.default\">\n\t\t\t\t\t<h2 class=\"elementor-heading-title elementor-size-default\">Vraag advies of informatie aan<\/h2>\t\t\t\t<\/div>\n\t\t\t\t<div class=\"elementor-element elementor-element-1bbc02c9 elementor-button-align-stretch elementor-widget elementor-widget-form\" data-id=\"1bbc02c9\" data-element_type=\"widget\" data-e-type=\"widget\" data-settings=\"{&quot;step_next_label&quot;:&quot;Next&quot;,&quot;step_previous_label&quot;:&quot;Previous&quot;,&quot;button_width&quot;:&quot;100&quot;,&quot;step_type&quot;:&quot;number_text&quot;,&quot;step_icon_shape&quot;:&quot;circle&quot;}\" data-widget_type=\"form.default\">\n\t\t\t\t\t\t\t<form class=\"elementor-form\" method=\"post\" name=\"New Form\" aria-label=\"New Form\">\n\t\t\t<input type=\"hidden\" name=\"post_id\" value=\"360\"\/>\n\t\t\t<input type=\"hidden\" name=\"form_id\" value=\"1bbc02c9\"\/>\n\t\t\t<input type=\"hidden\" name=\"referer_title\" value=\"Contacteer ons - TMS\" \/>\n\n\t\t\t\t\t\t\t<input type=\"hidden\" name=\"queried_id\" value=\"360\"\/>\n\t\t\t\n\t\t\t<div class=\"elementor-form-fields-wrapper elementor-labels-above\">\n\t\t\t\t\t\t\t\t<div class=\"elementor-field-type-text elementor-field-group elementor-column elementor-field-group-name elementor-col-50\">\n\t\t\t\t\t\t\t\t\t\t\t\t<label for=\"form-field-name\" class=\"elementor-field-label\">\n\t\t\t\t\t\t\t\tNaam en voornaam\t\t\t\t\t\t\t<\/label>\n\t\t\t\t\t\t\t\t\t\t\t\t\t\t<input size=\"1\" type=\"text\" name=\"form_fields[name]\" id=\"form-field-name\" class=\"elementor-field elementor-size-sm  elementor-field-textual\" placeholder=\"Naam en voornaam\">\n\t\t\t\t\t\t\t\t\t\t\t<\/div>\n\t\t\t\t\t\t\t\t<div class=\"elementor-field-type-text elementor-field-group elementor-column elementor-field-group-field_98da870 elementor-col-50\">\n\t\t\t\t\t\t\t\t\t\t\t\t<label for=\"form-field-field_98da870\" class=\"elementor-field-label\">\n\t\t\t\t\t\t\t\tBedrijf\t\t\t\t\t\t\t<\/label>\n\t\t\t\t\t\t\t\t\t\t\t\t\t\t<input size=\"1\" type=\"text\" name=\"form_fields[field_98da870]\" id=\"form-field-field_98da870\" class=\"elementor-field elementor-size-sm  elementor-field-textual\" placeholder=\"Bedrijf\">\n\t\t\t\t\t\t\t\t\t\t\t<\/div>\n\t\t\t\t\t\t\t\t<div class=\"elementor-field-type-tel elementor-field-group elementor-column elementor-field-group-email elementor-col-50 elementor-field-required\">\n\t\t\t\t\t\t\t\t\t\t\t\t<label for=\"form-field-email\" class=\"elementor-field-label\">\n\t\t\t\t\t\t\t\tTelefoon\t\t\t\t\t\t\t<\/label>\n\t\t\t\t\t\t\t\t<input size=\"1\" type=\"tel\" name=\"form_fields[email]\" id=\"form-field-email\" class=\"elementor-field elementor-size-sm  elementor-field-textual\" placeholder=\"Telefoon\" required=\"required\" pattern=\"[0-9()#&amp;+*-=.]+\" title=\"Seuls les chiffres et les caract\u00e8res t\u00e9l\u00e9phoniques (#, -, *, etc.) sont accept\u00e9s.\">\n\n\t\t\t\t\t\t<\/div>\n\t\t\t\t\t\t\t\t<div class=\"elementor-field-type-email elementor-field-group elementor-column elementor-field-group-field_a4a465e elementor-col-50 elementor-field-required\">\n\t\t\t\t\t\t\t\t\t\t\t\t<label for=\"form-field-field_a4a465e\" class=\"elementor-field-label\">\n\t\t\t\t\t\t\t\tEmail\t\t\t\t\t\t\t<\/label>\n\t\t\t\t\t\t\t\t\t\t\t\t\t\t<input size=\"1\" type=\"email\" name=\"form_fields[field_a4a465e]\" id=\"form-field-field_a4a465e\" class=\"elementor-field elementor-size-sm  elementor-field-textual\" placeholder=\"Email\" required=\"required\">\n\t\t\t\t\t\t\t\t\t\t\t<\/div>\n\t\t\t\t\t\t\t\t<div class=\"elementor-field-type-text elementor-field-group elementor-column elementor-field-group-field_2c7e43b elementor-col-100 elementor-field-required\">\n\t\t\t\t\t\t\t\t\t\t\t\t<label for=\"form-field-field_2c7e43b\" class=\"elementor-field-label\">\n\t\t\t\t\t\t\t\tOnderwerp\t\t\t\t\t\t\t<\/label>\n\t\t\t\t\t\t\t\t\t\t\t\t\t\t<input size=\"1\" type=\"text\" name=\"form_fields[field_2c7e43b]\" id=\"form-field-field_2c7e43b\" class=\"elementor-field elementor-size-sm  elementor-field-textual\" placeholder=\"Onderwerp\" required=\"required\">\n\t\t\t\t\t\t\t\t\t\t\t<\/div>\n\t\t\t\t\t\t\t\t<div class=\"elementor-field-type-textarea elementor-field-group elementor-column elementor-field-group-message elementor-col-100\">\n\t\t\t\t\t\t\t\t\t\t\t\t<label for=\"form-field-message\" class=\"elementor-field-label\">\n\t\t\t\t\t\t\t\tBericht\t\t\t\t\t\t\t<\/label>\n\t\t\t\t\t\t<textarea class=\"elementor-field-textual elementor-field  elementor-size-sm\" name=\"form_fields[message]\" id=\"form-field-message\" rows=\"4\" placeholder=\"Bericht\"><\/textarea>\t\t\t\t<\/div>\n\t\t\t\t\t\t\t\t<div class=\"elementor-field-type-text\">\n\t\t\t\t\t<input size=\"1\" type=\"text\" name=\"form_fields[field_bad7e41]\" id=\"form-field-field_bad7e41\" class=\"elementor-field elementor-size-sm \" style=\"display:none !important;\">\t\t\t\t<\/div>\n\t\t\t\t\t\t\t\t<div class=\"elementor-field-group elementor-column elementor-field-type-submit elementor-col-100 e-form__buttons\">\n\t\t\t\t\t<button class=\"elementor-button elementor-size-sm\" type=\"submit\">\n\t\t\t\t\t\t<span class=\"elementor-button-content-wrapper\">\n\t\t\t\t\t\t\t\t\t\t\t\t\t\t\t<span class=\"elementor-button-icon\">\n\t\t\t\t\t\t\t\t\t<i aria-hidden=\"true\" class=\"mdi mdi-email-outline\"><\/i>\t\t\t\t\t\t\t\t\t\t\t\t\t\t\t\t\t<\/span>\n\t\t\t\t\t\t\t\t\t\t\t\t\t\t\t\t\t\t\t\t\t\t<span class=\"elementor-button-text\">Verstuur aanvraag<\/span>\n\t\t\t\t\t\t\t\t\t\t\t\t\t<\/span>\n\t\t\t\t\t<\/button>\n\t\t\t\t<\/div>\n\t\t\t<\/div>\n\t\t<\/form>\n\t\t\t\t\t\t<\/div>\n\t\t\t\t<\/div>\n\t\t\t\t<\/div>\n\t\t<div class=\"elementor-element elementor-element-537d7594 e-con-full e-flex elementor-invisible e-con e-child\" data-id=\"537d7594\" data-element_type=\"container\" data-e-type=\"container\" data-settings=\"{&quot;animation&quot;:&quot;fadeInRight&quot;,&quot;animation_delay&quot;:300}\">\n\t\t\t\t<div class=\"elementor-element elementor-element-372f68fe elementor-widget elementor-widget-image\" data-id=\"372f68fe\" data-element_type=\"widget\" data-e-type=\"widget\" data-widget_type=\"image.default\">\n\t\t\t\t\t\t\t\t\t\t\t\t\t\t\t<img fetchpriority=\"high\" decoding=\"async\" width=\"2560\" height=\"2099\" src=\"https:\/\/www.tmsbelgium.be\/wp-content\/uploads\/2025\/12\/Secretary-scaled.jpg\" class=\"attachment-full size-full wp-image-489\" alt=\"\" srcset=\"https:\/\/www.tmsbelgium.be\/wp-content\/uploads\/2025\/12\/Secretary-scaled.jpg 2560w, https:\/\/www.tmsbelgium.be\/wp-content\/uploads\/2025\/12\/Secretary-300x246.jpg 300w, https:\/\/www.tmsbelgium.be\/wp-content\/uploads\/2025\/12\/Secretary-1024x840.jpg 1024w, https:\/\/www.tmsbelgium.be\/wp-content\/uploads\/2025\/12\/Secretary-768x630.jpg 768w, https:\/\/www.tmsbelgium.be\/wp-content\/uploads\/2025\/12\/Secretary-1536x1259.jpg 1536w, https:\/\/www.tmsbelgium.be\/wp-content\/uploads\/2025\/12\/Secretary-2048x1679.jpg 2048w\" sizes=\"(max-width: 2560px) 100vw, 2560px\" \/>\t\t\t\t\t\t\t\t\t\t\t\t\t\t\t<\/div>\n\t\t\t\t<\/div>\n\t\t\t\t\t<\/div>\n\t\t\t\t<\/div>\n\t\t<div class=\"elementor-element elementor-element-69b2832d e-con-full e-flex e-con e-parent\" data-id=\"69b2832d\" data-element_type=\"container\" data-e-type=\"container\">\n\t\t\t\t<div class=\"elementor-element elementor-element-2e7ec1d9 elementor-widget elementor-widget-google_maps\" data-id=\"2e7ec1d9\" data-element_type=\"widget\" data-e-type=\"widget\" data-widget_type=\"google_maps.default\">\n\t\t\t\t\t\t\t<div class=\"elementor-custom-embed\">\n\t\t\t<iframe loading=\"lazy\"\n\t\t\t\t\tsrc=\"https:\/\/maps.google.com\/maps?q=Technical%20Maintencance%20Service%2C%20Preflexbaan%20167%2C%201740%20Ternat&#038;t=m&#038;z=14&#038;output=embed&#038;iwloc=near\"\n\t\t\t\t\ttitle=\"Technical Maintencance Service, Preflexbaan 167, 1740 Ternat\"\n\t\t\t\t\taria-label=\"Technical Maintencance Service, Preflexbaan 167, 1740 Ternat\"\n\t\t\t><\/iframe>\n\t\t<\/div>\n\t\t\t\t\t\t<\/div>\n\t\t\t\t<\/div>\n\t\t\t\t<\/div>\n\t\t\n    <div class=\"xs_social_share_widget xs_share_url after_content \t\tmain_content  wslu-style-1 wslu-share-box-shaped wslu-fill-colored wslu-none wslu-share-horizontal wslu-theme-font-no wslu-main_content\">\n\n\t\t\n        <ul>\n\t\t\t        <\/ul>\n    <\/div> \n","protected":false},"excerpt":{"rendered":"<p>Neem rechtstreeks contact op met uw HVAC-partner Dringende interventie? Bel ons 24\/7 Contacteer ons Neem rechtstreeks contact op Adres Preflexbaan 167 1740 Ternat &#8211; Belgi\u00eb Telefoon 24\/7 Service: +32 (0) 2 333 01 70 Email info@tmsbelgium.be Vraag advies of informatie aan<\/p>","protected":false},"author":1,"featured_media":0,"parent":0,"menu_order":0,"comment_status":"closed","ping_status":"closed","template":"elementor_header_footer","meta":{"_acf_changed":false,"inline_featured_image":false,"footnotes":""},"class_list":["post-360","page","type-page","status-publish","hentry"],"acf":[],"yoast_head":"<!-- This site is optimized with the Yoast SEO plugin v27.4 - https:\/\/yoast.com\/product\/yoast-seo-wordpress\/ -->\n<title>Contacteer ons - TMS<\/title>\n<meta name=\"robots\" content=\"index, follow, max-snippet:-1, max-image-preview:large, max-video-preview:-1\" \/>\n<link rel=\"canonical\" href=\"https:\/\/www.tmsbelgium.be\/fr\/nous-contacter\/\" \/>\n<meta property=\"og:locale\" content=\"fr_FR\" \/>\n<meta property=\"og:type\" content=\"article\" \/>\n<meta property=\"og:title\" content=\"Contacteer ons - TMS\" \/>\n<meta property=\"og:description\" content=\"Neem rechtstreeks contact op met uw HVAC-partner Dringende interventie? Bel ons 24\/7 Contacteer ons Neem rechtstreeks contact op Adres Preflexbaan 167 1740 Ternat &#8211; Belgi\u00eb Telefoon 24\/7 Service: +32 (0) 2 333 01 70 Email info@tmsbelgium.be Vraag advies of informatie aan\" \/>\n<meta property=\"og:url\" content=\"https:\/\/www.tmsbelgium.be\/fr\/nous-contacter\/\" \/>\n<meta property=\"og:site_name\" content=\"TMS\" \/>\n<meta property=\"article:modified_time\" content=\"2026-03-04T08:59:47+00:00\" \/>\n<meta property=\"og:image\" content=\"https:\/\/www.tmsbelgium.be\/wp-content\/uploads\/2025\/12\/Secretary-scaled.jpg\" \/>\n\t<meta property=\"og:image:width\" content=\"2560\" \/>\n\t<meta property=\"og:image:height\" content=\"2099\" \/>\n\t<meta property=\"og:image:type\" content=\"image\/jpeg\" \/>\n<script type=\"application\/ld+json\" class=\"yoast-schema-graph\">{\"@context\":\"https:\\\/\\\/schema.org\",\"@graph\":[{\"@type\":\"WebPage\",\"@id\":\"https:\\\/\\\/www.tmsbelgium.be\\\/contacteer-ons\\\/\",\"url\":\"https:\\\/\\\/www.tmsbelgium.be\\\/contacteer-ons\\\/\",\"name\":\"Contacteer ons - TMS\",\"isPartOf\":{\"@id\":\"https:\\\/\\\/www.tmsbelgium.be\\\/#website\"},\"primaryImageOfPage\":{\"@id\":\"https:\\\/\\\/www.tmsbelgium.be\\\/contacteer-ons\\\/#primaryimage\"},\"image\":{\"@id\":\"https:\\\/\\\/www.tmsbelgium.be\\\/contacteer-ons\\\/#primaryimage\"},\"thumbnailUrl\":\"https:\\\/\\\/www.tmsbelgium.be\\\/wp-content\\\/uploads\\\/2025\\\/12\\\/Secretary-scaled.jpg\",\"datePublished\":\"2025-12-08T08:00:50+00:00\",\"dateModified\":\"2026-03-04T08:59:47+00:00\",\"breadcrumb\":{\"@id\":\"https:\\\/\\\/www.tmsbelgium.be\\\/contacteer-ons\\\/#breadcrumb\"},\"inLanguage\":\"fr-BE\",\"potentialAction\":[{\"@type\":\"ReadAction\",\"target\":[\"https:\\\/\\\/www.tmsbelgium.be\\\/contacteer-ons\\\/\"]}]},{\"@type\":\"ImageObject\",\"inLanguage\":\"fr-BE\",\"@id\":\"https:\\\/\\\/www.tmsbelgium.be\\\/contacteer-ons\\\/#primaryimage\",\"url\":\"https:\\\/\\\/www.tmsbelgium.be\\\/wp-content\\\/uploads\\\/2025\\\/12\\\/Secretary-scaled.jpg\",\"contentUrl\":\"https:\\\/\\\/www.tmsbelgium.be\\\/wp-content\\\/uploads\\\/2025\\\/12\\\/Secretary-scaled.jpg\"},{\"@type\":\"BreadcrumbList\",\"@id\":\"https:\\\/\\\/www.tmsbelgium.be\\\/contacteer-ons\\\/#breadcrumb\",\"itemListElement\":[{\"@type\":\"ListItem\",\"position\":1,\"name\":\"Home\",\"item\":\"https:\\\/\\\/www.tmsbelgium.be\\\/\"},{\"@type\":\"ListItem\",\"position\":2,\"name\":\"Contacteer ons\"}]},{\"@type\":\"WebSite\",\"@id\":\"https:\\\/\\\/www.tmsbelgium.be\\\/#website\",\"url\":\"https:\\\/\\\/www.tmsbelgium.be\\\/\",\"name\":\"TMS\",\"description\":\"Technical Maintenance Service nv is h\u00e9t aanspreekpunt voor koel-, verwarmings- en airconditioningssystemen\",\"publisher\":{\"@id\":\"https:\\\/\\\/www.tmsbelgium.be\\\/#organization\"},\"potentialAction\":[{\"@type\":\"SearchAction\",\"target\":{\"@type\":\"EntryPoint\",\"urlTemplate\":\"https:\\\/\\\/www.tmsbelgium.be\\\/?s={search_term_string}\"},\"query-input\":{\"@type\":\"PropertyValueSpecification\",\"valueRequired\":true,\"valueName\":\"search_term_string\"}}],\"inLanguage\":\"fr-BE\"},{\"@type\":\"Organization\",\"@id\":\"https:\\\/\\\/www.tmsbelgium.be\\\/#organization\",\"name\":\"TMS Belgium\",\"url\":\"https:\\\/\\\/www.tmsbelgium.be\\\/\",\"logo\":{\"@type\":\"ImageObject\",\"inLanguage\":\"fr-BE\",\"@id\":\"https:\\\/\\\/www.tmsbelgium.be\\\/#\\\/schema\\\/logo\\\/image\\\/\",\"url\":\"https:\\\/\\\/www.tmsbelgium.be\\\/wp-content\\\/uploads\\\/2025\\\/10\\\/TMS-in-PNG.png\",\"contentUrl\":\"https:\\\/\\\/www.tmsbelgium.be\\\/wp-content\\\/uploads\\\/2025\\\/10\\\/TMS-in-PNG.png\",\"width\":820,\"height\":416,\"caption\":\"TMS Belgium\"},\"image\":{\"@id\":\"https:\\\/\\\/www.tmsbelgium.be\\\/#\\\/schema\\\/logo\\\/image\\\/\"}}]}<\/script>\n<!-- \/ Yoast SEO plugin. -->","yoast_head_json":{"title":"Contactez-nous - TMS","robots":{"index":"index","follow":"follow","max-snippet":"max-snippet:-1","max-image-preview":"max-image-preview:large","max-video-preview":"max-video-preview:-1"},"canonical":"https:\/\/www.tmsbelgium.be\/fr\/nous-contacter\/","og_locale":"fr_FR","og_type":"article","og_title":"Contacteer ons - TMS","og_description":"Neem rechtstreeks contact op met uw HVAC-partner Dringende interventie? Bel ons 24\/7 Contacteer ons Neem rechtstreeks contact op Adres Preflexbaan 167 1740 Ternat &#8211; Belgi\u00eb Telefoon 24\/7 Service: +32 (0) 2 333 01 70 Email info@tmsbelgium.be Vraag advies of informatie aan","og_url":"https:\/\/www.tmsbelgium.be\/fr\/nous-contacter\/","og_site_name":"TMS","article_modified_time":"2026-03-04T08:59:47+00:00","og_image":[{"width":2560,"height":2099,"url":"https:\/\/www.tmsbelgium.be\/wp-content\/uploads\/2025\/12\/Secretary-scaled.jpg","type":"image\/jpeg"}],"schema":{"@context":"https:\/\/schema.org","@graph":[{"@type":"WebPage","@id":"https:\/\/www.tmsbelgium.be\/contacteer-ons\/","url":"https:\/\/www.tmsbelgium.be\/contacteer-ons\/","name":"Contactez-nous - TMS","isPartOf":{"@id":"https:\/\/www.tmsbelgium.be\/#website"},"primaryImageOfPage":{"@id":"https:\/\/www.tmsbelgium.be\/contacteer-ons\/#primaryimage"},"image":{"@id":"https:\/\/www.tmsbelgium.be\/contacteer-ons\/#primaryimage"},"thumbnailUrl":"https:\/\/www.tmsbelgium.be\/wp-content\/uploads\/2025\/12\/Secretary-scaled.jpg","datePublished":"2025-12-08T08:00:50+00:00","dateModified":"2026-03-04T08:59:47+00:00","breadcrumb":{"@id":"https:\/\/www.tmsbelgium.be\/contacteer-ons\/#breadcrumb"},"inLanguage":"fr-BE","potentialAction":[{"@type":"ReadAction","target":["https:\/\/www.tmsbelgium.be\/contacteer-ons\/"]}]},{"@type":"ImageObject","inLanguage":"fr-BE","@id":"https:\/\/www.tmsbelgium.be\/contacteer-ons\/#primaryimage","url":"https:\/\/www.tmsbelgium.be\/wp-content\/uploads\/2025\/12\/Secretary-scaled.jpg","contentUrl":"https:\/\/www.tmsbelgium.be\/wp-content\/uploads\/2025\/12\/Secretary-scaled.jpg"},{"@type":"BreadcrumbList","@id":"https:\/\/www.tmsbelgium.be\/contacteer-ons\/#breadcrumb","itemListElement":[{"@type":"ListItem","position":1,"name":"Home","item":"https:\/\/www.tmsbelgium.be\/"},{"@type":"ListItem","position":2,"name":"Contacteer ons"}]},{"@type":"WebSite","@id":"https:\/\/www.tmsbelgium.be\/#website","url":"https:\/\/www.tmsbelgium.be\/","name":"TMS","description":"Technical Maintenance Service nv est le point de contact pour les syst\u00e8mes de refroidissement, de chauffage et de climatisation.","publisher":{"@id":"https:\/\/www.tmsbelgium.be\/#organization"},"potentialAction":[{"@type":"SearchAction","target":{"@type":"EntryPoint","urlTemplate":"https:\/\/www.tmsbelgium.be\/?s={search_term_string}"},"query-input":{"@type":"PropertyValueSpecification","valueRequired":true,"valueName":"search_term_string"}}],"inLanguage":"fr-BE"},{"@type":"Organization","@id":"https:\/\/www.tmsbelgium.be\/#organization","name":"TMS Belgique","url":"https:\/\/www.tmsbelgium.be\/","logo":{"@type":"ImageObject","inLanguage":"fr-BE","@id":"https:\/\/www.tmsbelgium.be\/#\/schema\/logo\/image\/","url":"https:\/\/www.tmsbelgium.be\/wp-content\/uploads\/2025\/10\/TMS-in-PNG.png","contentUrl":"https:\/\/www.tmsbelgium.be\/wp-content\/uploads\/2025\/10\/TMS-in-PNG.png","width":820,"height":416,"caption":"TMS Belgium"},"image":{"@id":"https:\/\/www.tmsbelgium.be\/#\/schema\/logo\/image\/"}}]}},"_links":{"self":[{"href":"https:\/\/www.tmsbelgium.be\/fr\/wp-json\/wp\/v2\/pages\/360","targetHints":{"allow":["GET"]}}],"collection":[{"href":"https:\/\/www.tmsbelgium.be\/fr\/wp-json\/wp\/v2\/pages"}],"about":[{"href":"https:\/\/www.tmsbelgium.be\/fr\/wp-json\/wp\/v2\/types\/page"}],"author":[{"embeddable":true,"href":"https:\/\/www.tmsbelgium.be\/fr\/wp-json\/wp\/v2\/users\/1"}],"replies":[{"embeddable":true,"href":"https:\/\/www.tmsbelgium.be\/fr\/wp-json\/wp\/v2\/comments?post=360"}],"version-history":[{"count":6,"href":"https:\/\/www.tmsbelgium.be\/fr\/wp-json\/wp\/v2\/pages\/360\/revisions"}],"predecessor-version":[{"id":4642,"href":"https:\/\/www.tmsbelgium.be\/fr\/wp-json\/wp\/v2\/pages\/360\/revisions\/4642"}],"wp:attachment":[{"href":"https:\/\/www.tmsbelgium.be\/fr\/wp-json\/wp\/v2\/media?parent=360"}],"curies":[{"name":"wp","href":"https:\/\/api.w.org\/{rel}","templated":true}]}}