{"id":368,"date":"2025-12-08T09:00:27","date_gmt":"2025-12-08T08:00:27","guid":{"rendered":"https:\/\/www.tmsbelgium.be\/?page_id=368"},"modified":"2026-02-26T11:35:25","modified_gmt":"2026-02-26T10:35:25","slug":"nouvelles","status":"publish","type":"page","link":"https:\/\/www.tmsbelgium.be\/fr\/nieuws\/","title":{"rendered":"Actualit\u00e9s"},"content":{"rendered":"<div data-elementor-type=\"wp-page\" data-elementor-id=\"368\" class=\"elementor elementor-368\" data-elementor-post-type=\"page\">\n\t\t\t\t<div class=\"elementor-element elementor-element-3be8de0b e-flex e-con-boxed e-con e-parent\" data-id=\"3be8de0b\" data-element_type=\"container\" data-e-type=\"container\" data-settings=\"{&quot;background_background&quot;:&quot;classic&quot;}\">\n\t\t\t\t\t<div class=\"e-con-inner\">\n\t\t<div class=\"elementor-element elementor-element-5f36c6f e-con-full e-flex e-con e-child\" data-id=\"5f36c6f\" data-element_type=\"container\" data-e-type=\"container\">\n\t\t<div class=\"elementor-element elementor-element-335d33f e-flex e-con-boxed e-con e-child\" data-id=\"335d33f\" data-element_type=\"container\" data-e-type=\"container\">\n\t\t\t\t\t<div class=\"e-con-inner\">\n\t\t\t\t\t<\/div>\n\t\t\t\t<\/div>\n\t\t\t\t<\/div>\n\t\t\t\t\t<\/div>\n\t\t\t\t<\/div>\n\t\t<div class=\"elementor-element elementor-element-1559d784 e-flex e-con-boxed e-con e-parent\" data-id=\"1559d784\" data-element_type=\"container\" data-e-type=\"container\" data-settings=\"{&quot;background_background&quot;:&quot;classic&quot;}\">\n\t\t\t\t\t<div class=\"e-con-inner\">\n\t\t\t\t<div class=\"elementor-element elementor-element-d6dfcc9 elementor-widget elementor-widget-elementskit-blog-posts\" data-id=\"d6dfcc9\" data-element_type=\"widget\" data-e-type=\"widget\" data-widget_type=\"elementskit-blog-posts.default\">\n\t\t\t\t\t<div class=\"ekit-wid-con\" >        <div id=\"post-items--d6dfcc9\" class=\"row post-items\">\n                    <div class=\"col-md-12\">\n\n                                    <div class=\"elementskit-blog-block-post\">\n                        <div class=\"row no-gutters\">\n                                                            <div class=\"col-md-6 order-1\">\n                                    <a href=\"https:\/\/www.tmsbelgium.be\/fr\/tms-bouwt-aan-de-toekomst\/\" class=\"elementskit-entry-thumb\">\n                                        <img decoding=\"async\" src=\"https:\/\/www.tmsbelgium.be\/wp-content\/uploads\/2026\/02\/NieuwGebouw_2-scaled.png\" alt=\"TMS construit pour l&#039;avenir\">\n                                    <\/a><!-- .elementskit-entry-thumb END -->\n                                <\/div>\n                            \n                            <div class=\"col-md-6 order-2\">\n                                <div class=\"elementskit-post-body\">\n                                    <div class=\"elementskit-entry-header\">\n                                        \n                                                                                            \t\t\t\t\t                                            \n                                            \n                                                                                            \t\t\t\t<h2 class=\"entry-title\">\n\t\t\t\t\t<a href=\"https:\/\/www.tmsbelgium.be\/fr\/tms-bouwt-aan-de-toekomst\/\">\n\t\t\t\t\t\tTMS construit pour l'avenir\t\t\t\t\t<\/a>\n\t\t\t\t<\/h2>\n\t\t\t                                                                                <\/div><!-- .elementskit-entry-header END -->\n\n                                                                            <div class=\"elementskit-post-footer\">\n                                                                                            <p>Dankzij een mooie en constante groei in de voorbije jaren zijn wij toe aan een volgende stap. Om onze verdere expansie optimaal te ondersteunen, verhuist TMS volgend jaar (2027) naar&hellip;<\/p>\n                                                                                                                                <\/div><!-- .elementskit-post-footer END -->\n                                                                    <\/div><!-- .elementskit-post-body END -->\n                            <\/div>\n                        <\/div>\n                    <\/div><!-- .elementskit-blog-block-post .radius .gradient-bg END -->\n                \n            <\/div>\n                    <div class=\"col-md-12\">\n\n                                    <div class=\"elementskit-blog-block-post\">\n                        <div class=\"row no-gutters\">\n                                                            <div class=\"col-md-6 order-1\">\n                                    <a href=\"https:\/\/www.tmsbelgium.be\/fr\/nieuws-202512-sint\/\" class=\"elementskit-entry-thumb\">\n                                        <img decoding=\"async\" src=\"https:\/\/www.tmsbelgium.be\/wp-content\/uploads\/2025\/12\/595469855_10162736877164069_7180276141747173424_n.jpg\" alt=\"Visite de Saint-Nicolas chez TMS\">\n                                    <\/a><!-- .elementskit-entry-thumb END -->\n                                <\/div>\n                            \n                            <div class=\"col-md-6 order-2\">\n                                <div class=\"elementskit-post-body\">\n                                    <div class=\"elementskit-entry-header\">\n                                        \n                                                                                            \t\t\t\t\t                                            \n                                            \n                                                                                            \t\t\t\t<h2 class=\"entry-title\">\n\t\t\t\t\t<a href=\"https:\/\/www.tmsbelgium.be\/fr\/nieuws-202512-sint\/\">\n\t\t\t\t\t\tVisite de Saint-Nicolas chez TMS\t\t\t\t\t<\/a>\n\t\t\t\t<\/h2>\n\t\t\t                                                                                <\/div><!-- .elementskit-entry-header END -->\n\n                                                                            <div class=\"elementskit-post-footer\">\n                                                                                            <p>TMS mocht ook dit jaar Sinterklaas verwelkomen. Samen met zijn Pieten bracht hij een bezoek aan onze medewerkers en hun kinderen en zorgde hij voor een gezellige namiddag vol lekkers&hellip;<\/p>\n                                                                                                                                <\/div><!-- .elementskit-post-footer END -->\n                                                                    <\/div><!-- .elementskit-post-body END -->\n                            <\/div>\n                        <\/div>\n                    <\/div><!-- .elementskit-blog-block-post .radius .gradient-bg END -->\n                \n            <\/div>\n                    <div class=\"col-md-12\">\n\n                                    <div class=\"elementskit-blog-block-post\">\n                        <div class=\"row no-gutters\">\n                                                            <div class=\"col-md-6 order-1\">\n                                    <a href=\"https:\/\/www.tmsbelgium.be\/fr\/nieuws-202510_tmscafe\/\" class=\"elementskit-entry-thumb\">\n                                        <img decoding=\"async\" src=\"https:\/\/www.tmsbelgium.be\/wp-content\/uploads\/2025\/12\/558229364_10162473821384069_1993120899094661253_n.jpg\" alt=\"TMS Caf\u00e9 : se r\u00e9unir avec toute l&#039;\u00e9quipe\">\n                                    <\/a><!-- .elementskit-entry-thumb END -->\n                                <\/div>\n                            \n                            <div class=\"col-md-6 order-2\">\n                                <div class=\"elementskit-post-body\">\n                                    <div class=\"elementskit-entry-header\">\n                                        \n                                                                                            \t\t\t\t\t                                            \n                                            \n                                                                                            \t\t\t\t<h2 class=\"entry-title\">\n\t\t\t\t\t<a href=\"https:\/\/www.tmsbelgium.be\/fr\/nieuws-202510_tmscafe\/\">\n\t\t\t\t\t\tTMS Caf\u00e9 : se r\u00e9unir avec toute l'\u00e9quipe\t\t\t\t\t<\/a>\n\t\t\t\t<\/h2>\n\t\t\t                                                                                <\/div><!-- .elementskit-entry-header END -->\n\n                                                                            <div class=\"elementskit-post-footer\">\n                                                                                            <p>Tijdens ons TMS-Caf\u00e9 kwam het volledige team opnieuw samen voor een informele bijeenkomst. Een moment om bij te praten, idee\u00ebn uit te wisselen en de teamspirit te versterken. Samenwerking en&hellip;<\/p>\n                                                                                                                                <\/div><!-- .elementskit-post-footer END -->\n                                                                    <\/div><!-- .elementskit-post-body END -->\n                            <\/div>\n                        <\/div>\n                    <\/div><!-- .elementskit-blog-block-post .radius .gradient-bg END -->\n                \n            <\/div>\n                <\/div>\n       <\/div>\t\t\t\t<\/div>\n\t\t\t\t\t<\/div>\n\t\t\t\t<\/div>\n\t\t\t\t<\/div>\n\t\t\n    <div class=\"xs_social_share_widget xs_share_url after_content \t\tmain_content  wslu-style-1 wslu-share-box-shaped wslu-fill-colored wslu-none wslu-share-horizontal wslu-theme-font-no wslu-main_content\">\n\n\t\t\n        <ul>\n\t\t\t        <\/ul>\n    <\/div>","protected":false},"excerpt":{"rendered":"<p>TMS bouwt aan de toekomst De afgelopen jaren hebben we een constante groei gekend waardoor we nood hebben aan meer ruimte en groeimogelijkheden. Wij mogen dan ook met trots aankondigen dat TMS volgend jaar zal&hellip; Sinterklaas op bezoek bij TMS TMS mocht ook dit jaar Sinterklaas verwelkomen. Samen met zijn Pieten bracht hij een bezoek [&hellip;]<\/p>\n","protected":false},"author":1,"featured_media":0,"parent":0,"menu_order":0,"comment_status":"closed","ping_status":"closed","template":"elementor_theme","meta":{"_acf_changed":false,"inline_featured_image":false,"footnotes":""},"class_list":["post-368","page","type-page","status-publish","hentry"],"acf":[],"yoast_head":"<!-- This site is optimized with the Yoast SEO plugin v27.4 - https:\/\/yoast.com\/product\/yoast-seo-wordpress\/ -->\n<title>Nieuws - TMS<\/title>\n<meta name=\"robots\" content=\"index, follow, max-snippet:-1, max-image-preview:large, max-video-preview:-1\" \/>\n<link rel=\"canonical\" href=\"https:\/\/www.tmsbelgium.be\/fr\/nouvelles\/\" \/>\n<meta property=\"og:locale\" content=\"fr_FR\" \/>\n<meta property=\"og:type\" content=\"article\" \/>\n<meta property=\"og:title\" content=\"Nieuws - TMS\" \/>\n<meta property=\"og:description\" content=\"TMS bouwt aan de toekomst De afgelopen jaren hebben we een constante groei gekend waardoor we nood hebben aan meer ruimte en groeimogelijkheden. Wij mogen dan ook met trots aankondigen dat TMS volgend jaar zal&hellip; Sinterklaas op bezoek bij TMS TMS mocht ook dit jaar Sinterklaas verwelkomen. Samen met zijn Pieten bracht hij een bezoek [&hellip;]\" \/>\n<meta property=\"og:url\" content=\"https:\/\/www.tmsbelgium.be\/fr\/nouvelles\/\" \/>\n<meta property=\"og:site_name\" content=\"TMS\" \/>\n<meta property=\"article:modified_time\" content=\"2026-02-26T10:35:25+00:00\" \/>\n<meta property=\"og:image\" content=\"https:\/\/www.tmsbelgium.be\/wp-content\/uploads\/2026\/02\/NieuwGebouw_2-scaled.png\" \/>\n<script type=\"application\/ld+json\" class=\"yoast-schema-graph\">{\"@context\":\"https:\\\/\\\/schema.org\",\"@graph\":[{\"@type\":\"WebPage\",\"@id\":\"https:\\\/\\\/www.tmsbelgium.be\\\/nieuws\\\/\",\"url\":\"https:\\\/\\\/www.tmsbelgium.be\\\/nieuws\\\/\",\"name\":\"Nieuws - TMS\",\"isPartOf\":{\"@id\":\"https:\\\/\\\/www.tmsbelgium.be\\\/#website\"},\"primaryImageOfPage\":{\"@id\":\"https:\\\/\\\/www.tmsbelgium.be\\\/nieuws\\\/#primaryimage\"},\"image\":{\"@id\":\"https:\\\/\\\/www.tmsbelgium.be\\\/nieuws\\\/#primaryimage\"},\"thumbnailUrl\":\"https:\\\/\\\/www.tmsbelgium.be\\\/wp-content\\\/uploads\\\/2026\\\/02\\\/NieuwGebouw_2-scaled.png\",\"datePublished\":\"2025-12-08T08:00:27+00:00\",\"dateModified\":\"2026-02-26T10:35:25+00:00\",\"breadcrumb\":{\"@id\":\"https:\\\/\\\/www.tmsbelgium.be\\\/nieuws\\\/#breadcrumb\"},\"inLanguage\":\"fr-BE\",\"potentialAction\":[{\"@type\":\"ReadAction\",\"target\":[\"https:\\\/\\\/www.tmsbelgium.be\\\/nieuws\\\/\"]}]},{\"@type\":\"ImageObject\",\"inLanguage\":\"fr-BE\",\"@id\":\"https:\\\/\\\/www.tmsbelgium.be\\\/nieuws\\\/#primaryimage\",\"url\":\"https:\\\/\\\/www.tmsbelgium.be\\\/wp-content\\\/uploads\\\/2026\\\/02\\\/NieuwGebouw_2-scaled.png\",\"contentUrl\":\"https:\\\/\\\/www.tmsbelgium.be\\\/wp-content\\\/uploads\\\/2026\\\/02\\\/NieuwGebouw_2-scaled.png\"},{\"@type\":\"BreadcrumbList\",\"@id\":\"https:\\\/\\\/www.tmsbelgium.be\\\/nieuws\\\/#breadcrumb\",\"itemListElement\":[{\"@type\":\"ListItem\",\"position\":1,\"name\":\"Home\",\"item\":\"https:\\\/\\\/www.tmsbelgium.be\\\/\"},{\"@type\":\"ListItem\",\"position\":2,\"name\":\"Nieuws\"}]},{\"@type\":\"WebSite\",\"@id\":\"https:\\\/\\\/www.tmsbelgium.be\\\/#website\",\"url\":\"https:\\\/\\\/www.tmsbelgium.be\\\/\",\"name\":\"TMS\",\"description\":\"Technical Maintenance Service nv is h\u00e9t aanspreekpunt voor koel-, verwarmings- en airconditioningssystemen\",\"publisher\":{\"@id\":\"https:\\\/\\\/www.tmsbelgium.be\\\/#organization\"},\"potentialAction\":[{\"@type\":\"SearchAction\",\"target\":{\"@type\":\"EntryPoint\",\"urlTemplate\":\"https:\\\/\\\/www.tmsbelgium.be\\\/?s={search_term_string}\"},\"query-input\":{\"@type\":\"PropertyValueSpecification\",\"valueRequired\":true,\"valueName\":\"search_term_string\"}}],\"inLanguage\":\"fr-BE\"},{\"@type\":\"Organization\",\"@id\":\"https:\\\/\\\/www.tmsbelgium.be\\\/#organization\",\"name\":\"TMS Belgium\",\"url\":\"https:\\\/\\\/www.tmsbelgium.be\\\/\",\"logo\":{\"@type\":\"ImageObject\",\"inLanguage\":\"fr-BE\",\"@id\":\"https:\\\/\\\/www.tmsbelgium.be\\\/#\\\/schema\\\/logo\\\/image\\\/\",\"url\":\"https:\\\/\\\/www.tmsbelgium.be\\\/wp-content\\\/uploads\\\/2025\\\/10\\\/TMS-in-PNG.png\",\"contentUrl\":\"https:\\\/\\\/www.tmsbelgium.be\\\/wp-content\\\/uploads\\\/2025\\\/10\\\/TMS-in-PNG.png\",\"width\":820,\"height\":416,\"caption\":\"TMS Belgium\"},\"image\":{\"@id\":\"https:\\\/\\\/www.tmsbelgium.be\\\/#\\\/schema\\\/logo\\\/image\\\/\"}}]}<\/script>\n<!-- \/ Yoast SEO plugin. -->","yoast_head_json":{"title":"Actualit\u00e9s - TMS","robots":{"index":"index","follow":"follow","max-snippet":"max-snippet:-1","max-image-preview":"max-image-preview:large","max-video-preview":"max-video-preview:-1"},"canonical":"https:\/\/www.tmsbelgium.be\/fr\/nouvelles\/","og_locale":"fr_FR","og_type":"article","og_title":"Nieuws - TMS","og_description":"TMS bouwt aan de toekomst De afgelopen jaren hebben we een constante groei gekend waardoor we nood hebben aan meer ruimte en groeimogelijkheden. Wij mogen dan ook met trots aankondigen dat TMS volgend jaar zal&hellip; Sinterklaas op bezoek bij TMS TMS mocht ook dit jaar Sinterklaas verwelkomen. Samen met zijn Pieten bracht hij een bezoek [&hellip;]","og_url":"https:\/\/www.tmsbelgium.be\/fr\/nouvelles\/","og_site_name":"TMS","article_modified_time":"2026-02-26T10:35:25+00:00","og_image":[{"url":"https:\/\/www.tmsbelgium.be\/wp-content\/uploads\/2026\/02\/NieuwGebouw_2-scaled.png","type":"","width":"","height":""}],"schema":{"@context":"https:\/\/schema.org","@graph":[{"@type":"WebPage","@id":"https:\/\/www.tmsbelgium.be\/nieuws\/","url":"https:\/\/www.tmsbelgium.be\/nieuws\/","name":"Actualit\u00e9s - TMS","isPartOf":{"@id":"https:\/\/www.tmsbelgium.be\/#website"},"primaryImageOfPage":{"@id":"https:\/\/www.tmsbelgium.be\/nieuws\/#primaryimage"},"image":{"@id":"https:\/\/www.tmsbelgium.be\/nieuws\/#primaryimage"},"thumbnailUrl":"https:\/\/www.tmsbelgium.be\/wp-content\/uploads\/2026\/02\/NieuwGebouw_2-scaled.png","datePublished":"2025-12-08T08:00:27+00:00","dateModified":"2026-02-26T10:35:25+00:00","breadcrumb":{"@id":"https:\/\/www.tmsbelgium.be\/nieuws\/#breadcrumb"},"inLanguage":"fr-BE","potentialAction":[{"@type":"ReadAction","target":["https:\/\/www.tmsbelgium.be\/nieuws\/"]}]},{"@type":"ImageObject","inLanguage":"fr-BE","@id":"https:\/\/www.tmsbelgium.be\/nieuws\/#primaryimage","url":"https:\/\/www.tmsbelgium.be\/wp-content\/uploads\/2026\/02\/NieuwGebouw_2-scaled.png","contentUrl":"https:\/\/www.tmsbelgium.be\/wp-content\/uploads\/2026\/02\/NieuwGebouw_2-scaled.png"},{"@type":"BreadcrumbList","@id":"https:\/\/www.tmsbelgium.be\/nieuws\/#breadcrumb","itemListElement":[{"@type":"ListItem","position":1,"name":"Home","item":"https:\/\/www.tmsbelgium.be\/"},{"@type":"ListItem","position":2,"name":"Nieuws"}]},{"@type":"WebSite","@id":"https:\/\/www.tmsbelgium.be\/#website","url":"https:\/\/www.tmsbelgium.be\/","name":"TMS","description":"Technical Maintenance Service nv est le point de contact pour les syst\u00e8mes de refroidissement, de chauffage et de climatisation.","publisher":{"@id":"https:\/\/www.tmsbelgium.be\/#organization"},"potentialAction":[{"@type":"SearchAction","target":{"@type":"EntryPoint","urlTemplate":"https:\/\/www.tmsbelgium.be\/?s={search_term_string}"},"query-input":{"@type":"PropertyValueSpecification","valueRequired":true,"valueName":"search_term_string"}}],"inLanguage":"fr-BE"},{"@type":"Organization","@id":"https:\/\/www.tmsbelgium.be\/#organization","name":"TMS Belgique","url":"https:\/\/www.tmsbelgium.be\/","logo":{"@type":"ImageObject","inLanguage":"fr-BE","@id":"https:\/\/www.tmsbelgium.be\/#\/schema\/logo\/image\/","url":"https:\/\/www.tmsbelgium.be\/wp-content\/uploads\/2025\/10\/TMS-in-PNG.png","contentUrl":"https:\/\/www.tmsbelgium.be\/wp-content\/uploads\/2025\/10\/TMS-in-PNG.png","width":820,"height":416,"caption":"TMS Belgium"},"image":{"@id":"https:\/\/www.tmsbelgium.be\/#\/schema\/logo\/image\/"}}]}},"_links":{"self":[{"href":"https:\/\/www.tmsbelgium.be\/fr\/wp-json\/wp\/v2\/pages\/368","targetHints":{"allow":["GET"]}}],"collection":[{"href":"https:\/\/www.tmsbelgium.be\/fr\/wp-json\/wp\/v2\/pages"}],"about":[{"href":"https:\/\/www.tmsbelgium.be\/fr\/wp-json\/wp\/v2\/types\/page"}],"author":[{"embeddable":true,"href":"https:\/\/www.tmsbelgium.be\/fr\/wp-json\/wp\/v2\/users\/1"}],"replies":[{"embeddable":true,"href":"https:\/\/www.tmsbelgium.be\/fr\/wp-json\/wp\/v2\/comments?post=368"}],"version-history":[{"count":0,"href":"https:\/\/www.tmsbelgium.be\/fr\/wp-json\/wp\/v2\/pages\/368\/revisions"}],"wp:attachment":[{"href":"https:\/\/www.tmsbelgium.be\/fr\/wp-json\/wp\/v2\/media?parent=368"}],"curies":[{"name":"wp","href":"https:\/\/api.w.org\/{rel}","templated":true}]}}