{"id":4317,"date":"2026-02-25T06:26:11","date_gmt":"2026-02-25T05:26:11","guid":{"rendered":"https:\/\/www.tmsbelgium.be\/?page_id=4317"},"modified":"2026-02-25T10:25:59","modified_gmt":"2026-02-25T09:25:59","slug":"telegestion","status":"publish","type":"page","link":"https:\/\/www.tmsbelgium.be\/fr\/telebeheer\/","title":{"rendered":"T\u00e9l\u00e9gestion"},"content":{"rendered":"<div data-elementor-type=\"wp-page\" data-elementor-id=\"4317\" class=\"elementor elementor-4317\" data-elementor-post-type=\"page\">\n\t\t\t\t<div class=\"elementor-element elementor-element-67aa126a e-flex e-con-boxed e-con e-parent\" data-id=\"67aa126a\" data-element_type=\"container\" data-e-type=\"container\" data-settings=\"{&quot;background_background&quot;:&quot;classic&quot;}\">\n\t\t\t\t\t<div class=\"e-con-inner\">\n\t\t<div class=\"elementor-element elementor-element-4bb0590d e-flex e-con-boxed e-con e-child\" data-id=\"4bb0590d\" data-element_type=\"container\" data-e-type=\"container\">\n\t\t\t\t\t<div class=\"e-con-inner\">\n\t\t<div class=\"elementor-element elementor-element-4d288a8d e-flex e-con-boxed e-con e-child\" data-id=\"4d288a8d\" data-element_type=\"container\" data-e-type=\"container\">\n\t\t\t\t\t<div class=\"e-con-inner\">\n\t\t\t\t\t<\/div>\n\t\t\t\t<\/div>\n\t\t\t\t\t<\/div>\n\t\t\t\t<\/div>\n\t\t\t\t\t<\/div>\n\t\t\t\t<\/div>\n\t\t<div class=\"elementor-element elementor-element-a14a8e9 e-con-full e-flex e-con e-parent\" data-id=\"a14a8e9\" data-element_type=\"container\" data-e-type=\"container\" data-settings=\"{&quot;background_background&quot;:&quot;classic&quot;}\">\n\t\t<div class=\"elementor-element elementor-element-6a0f906 e-con-full e-flex e-con e-child\" data-id=\"6a0f906\" data-element_type=\"container\" data-e-type=\"container\" data-settings=\"{&quot;background_background&quot;:&quot;classic&quot;}\">\n\t\t<div class=\"elementor-element elementor-element-51851c0 e-flex e-con-boxed elementor-invisible e-con e-child\" data-id=\"51851c0\" data-element_type=\"container\" data-e-type=\"container\" data-settings=\"{&quot;animation&quot;:&quot;fadeInLeft&quot;}\">\n\t\t\t\t\t<div class=\"e-con-inner\">\n\t\t\t\t<div class=\"elementor-element elementor-element-e3f40e1 elementor-widget elementor-widget-heading\" data-id=\"e3f40e1\" data-element_type=\"widget\" data-e-type=\"widget\" data-widget_type=\"heading.default\">\n\t\t\t\t\t<h6 class=\"elementor-heading-title elementor-size-default\">T\u00e9l\u00e9gestion<\/h6>\t\t\t\t<\/div>\n\t\t\t\t<div class=\"elementor-element elementor-element-27303c6 elementor-widget elementor-widget-heading\" data-id=\"27303c6\" data-element_type=\"widget\" data-e-type=\"widget\" data-widget_type=\"heading.default\">\n\t\t\t\t\t<h2 class=\"elementor-heading-title elementor-size-default\">Gestion \u00e0 distance 24\/7 pour une fiabilit\u00e9 maximale<\/h2>\t\t\t\t<\/div>\n\t\t\t\t<div class=\"elementor-element elementor-element-3610082 elementor-widget elementor-widget-heading\" data-id=\"3610082\" data-element_type=\"widget\" data-e-type=\"widget\" data-widget_type=\"heading.default\">\n\t\t\t\t\t<div class=\"elementor-heading-title elementor-size-default\"><p>Qu\u2019il s\u2019agisse d\u2019une surveillance continueou d\u2019une d\u00e9tection rapide des pannes, notre service de t\u00e9l\u00e9gestion veille sur vos installations jour et nuit.<\/p>\n<p>Depuis un centre de contr\u00f4le op\u00e9rationnel en permanence, nos op\u00e9rateurs exp\u00e9riment\u00e9s supervisent en temps r\u00e9el vos syst\u00e8mes de r\u00e9frig\u00e9ration, de chauffage, de ventilation et d\u2019\u00e9clairage. Les performances et les param\u00e8tres sont analys\u00e9s en continu, permettant de d\u00e9tecter rapidement toute anomalie et d\u2019y rem\u00e9dier avant qu\u2019elle n\u2019entra\u00eene des pertes de marchandises, des probl\u00e8mes de confort ou des interruptions d\u2019exploitation.<\/p>\n<p>Si une intervention \u00e0 distance ne suffit pas, nous assurons une intervention rapide et cibl\u00e9e sur site.<\/p>\n<p>Avec la t\u00e9l\u00e9gestion, vous b\u00e9n\u00e9ficiez d\u2019un contr\u00f4le optimal, d\u2019une r\u00e9duction des temps d\u2019arr\u00eat et d\u2019une protection efficace contre les pertes inutiles.<\/p><\/div>\t\t\t\t<\/div>\n\t\t\t\t<div class=\"elementor-element elementor-element-e5b0bd7 elementor-widget elementor-widget-button\" data-id=\"e5b0bd7\" data-element_type=\"widget\" data-e-type=\"widget\" data-widget_type=\"button.default\">\n\t\t\t\t\t\t\t\t\t\t<a class=\"elementor-button elementor-button-link elementor-size-sm\" href=\"https:\/\/www.tmsbelgium.be\/fr\/contacteer-ons\/\" target=\"_blank\">\n\t\t\t\t\t\t<span class=\"elementor-button-content-wrapper\">\n\t\t\t\t\t\t\t\t\t<span class=\"elementor-button-text\">Contactez nous<\/span>\n\t\t\t\t\t<\/span>\n\t\t\t\t\t<\/a>\n\t\t\t\t\t\t\t\t<\/div>\n\t\t\t\t\t<\/div>\n\t\t\t\t<\/div>\n\t\t\t\t<\/div>\n\t\t\t\t<\/div>\n\t\t<div class=\"elementor-element elementor-element-24a9599d e-flex e-con-boxed e-con e-parent\" data-id=\"24a9599d\" data-element_type=\"container\" data-e-type=\"container\" data-settings=\"{&quot;background_background&quot;:&quot;classic&quot;}\">\n\t\t\t\t\t<div class=\"e-con-inner\">\n\t\t\t\t<div class=\"elementor-element elementor-element-5fc6fc75 elementor-widget__width-inherit elementor-invisible elementor-widget elementor-widget-heading\" data-id=\"5fc6fc75\" data-element_type=\"widget\" data-e-type=\"widget\" data-settings=\"{&quot;_animation&quot;:&quot;fadeInUp&quot;}\" data-widget_type=\"heading.default\">\n\t\t\t\t\t<div class=\"elementor-heading-title elementor-size-default\">24\/7<\/div>\t\t\t\t<\/div>\n\t\t<div class=\"elementor-element elementor-element-3828bef2 e-flex e-con-boxed e-con e-child\" data-id=\"3828bef2\" data-element_type=\"container\" data-e-type=\"container\" data-settings=\"{&quot;background_background&quot;:&quot;classic&quot;}\">\n\t\t\t\t\t<div class=\"e-con-inner\">\n\t\t\t\t<div class=\"elementor-element elementor-element-39b6b3e elementor-widget elementor-widget-spacer\" data-id=\"39b6b3e\" data-element_type=\"widget\" data-e-type=\"widget\" data-widget_type=\"spacer.default\">\n\t\t\t\t\t\t\t<div class=\"elementor-spacer\">\n\t\t\t<div class=\"elementor-spacer-inner\"><\/div>\n\t\t<\/div>\n\t\t\t\t\t\t<\/div>\n\t\t\t\t\t<\/div>\n\t\t\t\t<\/div>\n\t\t\t\t\t<\/div>\n\t\t\t\t<\/div>\n\t\t<div class=\"elementor-element elementor-element-21a5eed e-flex e-con-boxed e-con e-parent\" data-id=\"21a5eed\" data-element_type=\"container\" data-e-type=\"container\">\n\t\t\t\t\t<div class=\"e-con-inner\">\n\t\t\t\t<div class=\"elementor-element elementor-element-9bbc1ab elementor-widget elementor-widget-spacer\" data-id=\"9bbc1ab\" data-element_type=\"widget\" data-e-type=\"widget\" data-widget_type=\"spacer.default\">\n\t\t\t\t\t\t\t<div class=\"elementor-spacer\">\n\t\t\t<div class=\"elementor-spacer-inner\"><\/div>\n\t\t<\/div>\n\t\t\t\t\t\t<\/div>\n\t\t\t\t\t<\/div>\n\t\t\t\t<\/div>\n\t\t\t\t<\/div>\n\t\t\n    <div class=\"xs_social_share_widget xs_share_url after_content \t\tmain_content  wslu-style-1 wslu-share-box-shaped wslu-fill-colored wslu-none wslu-share-horizontal wslu-theme-font-no wslu-main_content\">\n\n\t\t\n        <ul>\n\t\t\t        <\/ul>\n    <\/div>","protected":false},"excerpt":{"rendered":"<p>Telebeheer 24\/7 telebeheer voor maximale bedrijfszekerheid Of het nu gaat om permanente monitoring of het snel detecteren van storingen, onze telebeheerafdeling waakt dag en nacht over uw installaties. Vanuit een continu bemande meldkamer volgen ervaren operators uw koel-, HVAC- en verlichtingsinstallaties nauwgezet op. Prestaties en parameters worden in real time gemonitord, zodat afwijkingen vroegtijdig worden [&hellip;]<\/p>\n","protected":false},"author":3,"featured_media":0,"parent":0,"menu_order":0,"comment_status":"closed","ping_status":"closed","template":"elementor_header_footer","meta":{"_acf_changed":false,"inline_featured_image":false,"footnotes":""},"class_list":["post-4317","page","type-page","status-publish","hentry"],"acf":[],"yoast_head":"<!-- This site is optimized with the Yoast SEO plugin v27.4 - https:\/\/yoast.com\/product\/yoast-seo-wordpress\/ -->\n<title>Telebeheer - TMS<\/title>\n<meta name=\"robots\" content=\"index, follow, max-snippet:-1, max-image-preview:large, max-video-preview:-1\" \/>\n<link rel=\"canonical\" href=\"https:\/\/www.tmsbelgium.be\/fr\/telegestion\/\" \/>\n<meta property=\"og:locale\" content=\"fr_FR\" \/>\n<meta property=\"og:type\" content=\"article\" \/>\n<meta property=\"og:title\" content=\"Telebeheer - TMS\" \/>\n<meta property=\"og:description\" content=\"Telebeheer 24\/7 telebeheer voor maximale bedrijfszekerheid Of het nu gaat om permanente monitoring of het snel detecteren van storingen, onze telebeheerafdeling waakt dag en nacht over uw installaties. Vanuit een continu bemande meldkamer volgen ervaren operators uw koel-, HVAC- en verlichtingsinstallaties nauwgezet op. Prestaties en parameters worden in real time gemonitord, zodat afwijkingen vroegtijdig worden [&hellip;]\" \/>\n<meta property=\"og:url\" content=\"https:\/\/www.tmsbelgium.be\/fr\/telegestion\/\" \/>\n<meta property=\"og:site_name\" content=\"TMS\" \/>\n<meta property=\"article:modified_time\" content=\"2026-02-25T09:25:59+00:00\" \/>\n<meta property=\"og:image\" content=\"https:\/\/www.tmsbelgium.be\/wp-content\/uploads\/2026\/03\/TMS_Logo_Favicon.png\" \/>\n\t<meta property=\"og:image:width\" content=\"512\" \/>\n\t<meta property=\"og:image:height\" content=\"512\" \/>\n\t<meta property=\"og:image:type\" content=\"image\/png\" \/>\n<script type=\"application\/ld+json\" class=\"yoast-schema-graph\">{\"@context\":\"https:\\\/\\\/schema.org\",\"@graph\":[{\"@type\":\"WebPage\",\"@id\":\"https:\\\/\\\/www.tmsbelgium.be\\\/telebeheer\\\/\",\"url\":\"https:\\\/\\\/www.tmsbelgium.be\\\/telebeheer\\\/\",\"name\":\"Telebeheer - TMS\",\"isPartOf\":{\"@id\":\"https:\\\/\\\/www.tmsbelgium.be\\\/#website\"},\"datePublished\":\"2026-02-25T05:26:11+00:00\",\"dateModified\":\"2026-02-25T09:25:59+00:00\",\"breadcrumb\":{\"@id\":\"https:\\\/\\\/www.tmsbelgium.be\\\/telebeheer\\\/#breadcrumb\"},\"inLanguage\":\"fr-BE\",\"potentialAction\":[{\"@type\":\"ReadAction\",\"target\":[\"https:\\\/\\\/www.tmsbelgium.be\\\/telebeheer\\\/\"]}]},{\"@type\":\"BreadcrumbList\",\"@id\":\"https:\\\/\\\/www.tmsbelgium.be\\\/telebeheer\\\/#breadcrumb\",\"itemListElement\":[{\"@type\":\"ListItem\",\"position\":1,\"name\":\"Home\",\"item\":\"https:\\\/\\\/www.tmsbelgium.be\\\/\"},{\"@type\":\"ListItem\",\"position\":2,\"name\":\"Telebeheer\"}]},{\"@type\":\"WebSite\",\"@id\":\"https:\\\/\\\/www.tmsbelgium.be\\\/#website\",\"url\":\"https:\\\/\\\/www.tmsbelgium.be\\\/\",\"name\":\"TMS\",\"description\":\"Technical Maintenance Service nv is h\u00e9t aanspreekpunt voor koel-, verwarmings- en airconditioningssystemen\",\"publisher\":{\"@id\":\"https:\\\/\\\/www.tmsbelgium.be\\\/#organization\"},\"potentialAction\":[{\"@type\":\"SearchAction\",\"target\":{\"@type\":\"EntryPoint\",\"urlTemplate\":\"https:\\\/\\\/www.tmsbelgium.be\\\/?s={search_term_string}\"},\"query-input\":{\"@type\":\"PropertyValueSpecification\",\"valueRequired\":true,\"valueName\":\"search_term_string\"}}],\"inLanguage\":\"fr-BE\"},{\"@type\":\"Organization\",\"@id\":\"https:\\\/\\\/www.tmsbelgium.be\\\/#organization\",\"name\":\"TMS Belgium\",\"url\":\"https:\\\/\\\/www.tmsbelgium.be\\\/\",\"logo\":{\"@type\":\"ImageObject\",\"inLanguage\":\"fr-BE\",\"@id\":\"https:\\\/\\\/www.tmsbelgium.be\\\/#\\\/schema\\\/logo\\\/image\\\/\",\"url\":\"https:\\\/\\\/www.tmsbelgium.be\\\/wp-content\\\/uploads\\\/2025\\\/10\\\/TMS-in-PNG.png\",\"contentUrl\":\"https:\\\/\\\/www.tmsbelgium.be\\\/wp-content\\\/uploads\\\/2025\\\/10\\\/TMS-in-PNG.png\",\"width\":820,\"height\":416,\"caption\":\"TMS Belgium\"},\"image\":{\"@id\":\"https:\\\/\\\/www.tmsbelgium.be\\\/#\\\/schema\\\/logo\\\/image\\\/\"}}]}<\/script>\n<!-- \/ Yoast SEO plugin. -->","yoast_head_json":{"title":"T\u00e9l\u00e9gestion - TMS","robots":{"index":"index","follow":"follow","max-snippet":"max-snippet:-1","max-image-preview":"max-image-preview:large","max-video-preview":"max-video-preview:-1"},"canonical":"https:\/\/www.tmsbelgium.be\/fr\/telegestion\/","og_locale":"fr_FR","og_type":"article","og_title":"Telebeheer - TMS","og_description":"Telebeheer 24\/7 telebeheer voor maximale bedrijfszekerheid Of het nu gaat om permanente monitoring of het snel detecteren van storingen, onze telebeheerafdeling waakt dag en nacht over uw installaties. Vanuit een continu bemande meldkamer volgen ervaren operators uw koel-, HVAC- en verlichtingsinstallaties nauwgezet op. Prestaties en parameters worden in real time gemonitord, zodat afwijkingen vroegtijdig worden [&hellip;]","og_url":"https:\/\/www.tmsbelgium.be\/fr\/telegestion\/","og_site_name":"TMS","article_modified_time":"2026-02-25T09:25:59+00:00","og_image":[{"width":512,"height":512,"url":"https:\/\/www.tmsbelgium.be\/wp-content\/uploads\/2026\/03\/TMS_Logo_Favicon.png","type":"image\/png"}],"schema":{"@context":"https:\/\/schema.org","@graph":[{"@type":"WebPage","@id":"https:\/\/www.tmsbelgium.be\/telebeheer\/","url":"https:\/\/www.tmsbelgium.be\/telebeheer\/","name":"T\u00e9l\u00e9gestion - TMS","isPartOf":{"@id":"https:\/\/www.tmsbelgium.be\/#website"},"datePublished":"2026-02-25T05:26:11+00:00","dateModified":"2026-02-25T09:25:59+00:00","breadcrumb":{"@id":"https:\/\/www.tmsbelgium.be\/telebeheer\/#breadcrumb"},"inLanguage":"fr-BE","potentialAction":[{"@type":"ReadAction","target":["https:\/\/www.tmsbelgium.be\/telebeheer\/"]}]},{"@type":"BreadcrumbList","@id":"https:\/\/www.tmsbelgium.be\/telebeheer\/#breadcrumb","itemListElement":[{"@type":"ListItem","position":1,"name":"Home","item":"https:\/\/www.tmsbelgium.be\/"},{"@type":"ListItem","position":2,"name":"Telebeheer"}]},{"@type":"WebSite","@id":"https:\/\/www.tmsbelgium.be\/#website","url":"https:\/\/www.tmsbelgium.be\/","name":"TMS","description":"Technical Maintenance Service nv est le point de contact pour les syst\u00e8mes de refroidissement, de chauffage et de climatisation.","publisher":{"@id":"https:\/\/www.tmsbelgium.be\/#organization"},"potentialAction":[{"@type":"SearchAction","target":{"@type":"EntryPoint","urlTemplate":"https:\/\/www.tmsbelgium.be\/?s={search_term_string}"},"query-input":{"@type":"PropertyValueSpecification","valueRequired":true,"valueName":"search_term_string"}}],"inLanguage":"fr-BE"},{"@type":"Organization","@id":"https:\/\/www.tmsbelgium.be\/#organization","name":"TMS Belgique","url":"https:\/\/www.tmsbelgium.be\/","logo":{"@type":"ImageObject","inLanguage":"fr-BE","@id":"https:\/\/www.tmsbelgium.be\/#\/schema\/logo\/image\/","url":"https:\/\/www.tmsbelgium.be\/wp-content\/uploads\/2025\/10\/TMS-in-PNG.png","contentUrl":"https:\/\/www.tmsbelgium.be\/wp-content\/uploads\/2025\/10\/TMS-in-PNG.png","width":820,"height":416,"caption":"TMS Belgium"},"image":{"@id":"https:\/\/www.tmsbelgium.be\/#\/schema\/logo\/image\/"}}]}},"_links":{"self":[{"href":"https:\/\/www.tmsbelgium.be\/fr\/wp-json\/wp\/v2\/pages\/4317","targetHints":{"allow":["GET"]}}],"collection":[{"href":"https:\/\/www.tmsbelgium.be\/fr\/wp-json\/wp\/v2\/pages"}],"about":[{"href":"https:\/\/www.tmsbelgium.be\/fr\/wp-json\/wp\/v2\/types\/page"}],"author":[{"embeddable":true,"href":"https:\/\/www.tmsbelgium.be\/fr\/wp-json\/wp\/v2\/users\/3"}],"replies":[{"embeddable":true,"href":"https:\/\/www.tmsbelgium.be\/fr\/wp-json\/wp\/v2\/comments?post=4317"}],"version-history":[{"count":0,"href":"https:\/\/www.tmsbelgium.be\/fr\/wp-json\/wp\/v2\/pages\/4317\/revisions"}],"wp:attachment":[{"href":"https:\/\/www.tmsbelgium.be\/fr\/wp-json\/wp\/v2\/media?parent=4317"}],"curies":[{"name":"wp","href":"https:\/\/api.w.org\/{rel}","templated":true}]}}